{"id":8533,"date":"2022-11-07T15:52:26","date_gmt":"2022-11-07T15:52:26","guid":{"rendered":"https:\/\/epicstan.com\/pobof\/cookie-policy-eu\/"},"modified":"2025-07-08T14:51:07","modified_gmt":"2025-07-08T14:51:07","slug":"cookies","status":"publish","type":"page","link":"https:\/\/poboaventura.com\/en\/cookies\/","title":{"rendered":"Cookies"},"content":{"rendered":"<div data-elementor-type=\"wp-page\" data-elementor-id=\"8533\" class=\"elementor elementor-8533\">\n\t\t\t\t\t\t<section class=\"elementor-section elementor-top-section elementor-element elementor-element-5b034145 elementor-section-boxed elementor-section-height-default elementor-section-height-default\" data-id=\"5b034145\" data-element_type=\"section\" data-e-type=\"section\">\n\t\t\t\t\t\t<div class=\"elementor-container elementor-column-gap-default\">\n\t\t\t\t\t<div class=\"elementor-column elementor-col-100 elementor-top-column elementor-element elementor-element-c35f481\" data-id=\"c35f481\" data-element_type=\"column\" data-e-type=\"column\">\n\t\t\t<div class=\"elementor-widget-wrap elementor-element-populated\">\n\t\t\t\t\t\t<div class=\"elementor-element elementor-element-7f5ccf63 elementor-widget elementor-widget-text-editor\" data-id=\"7f5ccf63\" data-element_type=\"widget\" data-e-type=\"widget\" data-widget_type=\"text-editor.default\">\n\t\t\t\t<div class=\"elementor-widget-container\">\n\t\t\t\t\t\t\t\t\t<p><b><i>AVISO LEGAL Y POL\u00cdTICA DE PRIVACIDAD PARA WEB<\/i><\/b><\/p><p>\u00a0<\/p><p><b>AVISO LEGAL\u00a0<\/b><\/p><p>\u00a0<\/p><ol><li style=\"font-weight: 400;\" aria-level=\"1\"><span style=\"font-weight: 400;\">Titularidad de la p\u00e1gina web<\/span><\/li><\/ol><p><span style=\"font-weight: 400;\">En cumplimiento con lo establecido en la Ley 34\/2002, de 11 de julio, de servicios de la sociedad de la informaci\u00f3n y de comercio electr\u00f3nico, se indican los datos de informaci\u00f3n general de este sitio web:<\/span><\/p><p><span style=\"font-weight: 400;\">Dominio: www.poboaventura.com<\/span><\/p><p><span style=\"font-weight: 400;\">Denominaci\u00f3n social: BEL\u00c9N ESPI\u00d1EIRA PLATAS<\/span><\/p><p><span style=\"font-weight: 400;\">NIF: 78796105Z<\/span><\/p><p><span style=\"font-weight: 400;\">Domicilio: C\/ Curro, 6 (15310 Santaia)<\/span><\/p><p><span style=\"font-weight: 400;\">Email: poboaventuras@gmail.com<\/span><\/p><p><span style=\"font-weight: 400;\">Tel.: 683652862<\/span><\/p><p><span style=\"font-weight: 400;\">Datos de Inscripci\u00f3n en el Registro Mercantil: NO PROCEDE<\/span><\/p><p>\u00a0<\/p><ol><li style=\"font-weight: 400;\" aria-level=\"1\"><span style=\"font-weight: 400;\">Propiedad intelectual e industrial<\/span><\/li><\/ol><p><span style=\"font-weight: 400;\">El dise\u00f1o del portal y sus c\u00f3digos fuente, as\u00ed como los logos, marcas y otros posibles signos distintivos que puedan aparecer en el mismo, pertenecen a la propia entidad y est\u00e1n protegidos y amparados por los correspondientes derechos de propiedad intelectual e industrial.<\/span><\/p><p>\u00a0<\/p><ol><li style=\"font-weight: 400;\" aria-level=\"1\"><span style=\"font-weight: 400;\">Responsabilidad de los contenidos<\/span><\/li><\/ol><p><span style=\"font-weight: 400;\">La entidad no garantiza el acceso continuado, ni la correcta visualizaci\u00f3n, posible descarga o utilidad de los elementos e informaciones contenidas en el sitio web, que puedan verse impedidos, dificultados o interrumpidos por factores o circunstancias que est\u00e9n fuera del control de la misma.<\/span><\/p><p><span style=\"font-weight: 400;\">Por otro lado, la entidad no se hace responsable de la legalidad de otros sitios web de terceros desde los que pueda accederse al presente portal. De igual modo, esta misma entidad tampoco responde por la legalidad de otros sitios web de terceros que pudieran estar vinculados o enlazados desde este portal web.<\/span><\/p><p><span style=\"font-weight: 400;\">A mayores, se reserva el derecho a realizar cambios en el sitio web sin previo aviso, al objeto de mantener actualizada su informaci\u00f3n, a\u00f1adiendo, modificando, corrigiendo o eliminando los contenidos publicados o el dise\u00f1o del portal.<\/span><\/p><p><span style=\"font-weight: 400;\">Adem\u00e1s, la entidad no ser\u00e1 responsable del uso que terceros hagan de la informaci\u00f3n publicada en el portal, ni tampoco de los da\u00f1os sufridos o p\u00e9rdidas econ\u00f3micas que, de forma directa o indirecta, produzcan o puedan producir perjuicios econ\u00f3micos, materiales, sobre datos, etc., provocados por el uso de dicha informaci\u00f3n.<\/span><\/p><p>\u00a0<\/p><ol><li style=\"font-weight: 400;\" aria-level=\"1\"><span style=\"font-weight: 400;\">Reproducci\u00f3n de contenidos<\/span><\/li><\/ol><p><span style=\"font-weight: 400;\">Se proh\u00edbe la reproducci\u00f3n total o parcial de los contenidos publicados en el propio portal.<\/span><\/p><p>\u00a0<\/p><ol><li style=\"font-weight: 400;\" aria-level=\"1\"><span style=\"font-weight: 400;\">Posible existencia de enlaces, hiperenlaces o hiperv\u00ednculos<\/span><\/li><\/ol><p><span style=\"font-weight: 400;\">El titular, a trav\u00e9s del presente portal, podr\u00e1 proporcionarle acceso a sitios web de terceros mediante enlaces, con la finalidad de informar sobre la existencia de otras fuentes de informaci\u00f3n en internet.<\/span><\/p><p><span style=\"font-weight: 400;\">Estos posibles enlaces a otros sitios web no supondr\u00edan en ning\u00fan caso una sugerencia o recomendaci\u00f3n para que usted visite las p\u00e1ginas web de destino, que estar\u00edan fuera del control del titular, por lo que esta entidad no ser\u00eda responsable del contenido de tales sitios web vinculados ni del resultado que obtuviese al seguir los susodichos enlaces.<\/span><\/p><p><span style=\"font-weight: 400;\">Asimismo, la presente entidad no responder\u00eda de los links o enlaces ubicados en los sitios web vinculados a los que le pudiese proporcionar acceso.<\/span><\/p><p><span style=\"font-weight: 400;\">El posible establecimiento del enlace no implica en ning\u00fan caso la existencia de relaciones entre titular y el propietario del sitio en el que se establezca el enlace, ni la aceptaci\u00f3n o aprobaci\u00f3n por parte del titular de sus contenidos o servicios.<\/span><\/p><p><span style=\"font-weight: 400;\">Si usted accede a un sitio web externo desde un enlace que pudiera encontrarse en este sitio web, por su afectaci\u00f3n, deber\u00e1 leer y tener presentes las propias pol\u00edticas actuantes para el otro sitio web implicado.<\/span><\/p><p>\u00a0<\/p><ol><li style=\"font-weight: 400;\" aria-level=\"1\"><span style=\"font-weight: 400;\">Ley aplicable<\/span><\/li><\/ol><p><span style=\"font-weight: 400;\">La ley aplicable en caso de disputa o conflicto de interpretaci\u00f3n de los t\u00e9rminos que conforman este aviso legal, as\u00ed como cualquier otra cuesti\u00f3n relacionada con los servicios o contenidos del presente portal, ser\u00e1 la ley espa\u00f1ola.<\/span><\/p><p>\u00a0<\/p><ol><li style=\"font-weight: 400;\" aria-level=\"1\"><span style=\"font-weight: 400;\">Desarrollo y afectaci\u00f3n<\/span><\/li><\/ol><p><span style=\"font-weight: 400;\">El presente aviso se ver\u00e1 o podr\u00e1 verse afectado, desarrollado, completado y complementado por otras condiciones, avisos, t\u00e9rminos y pol\u00edticas que se establezcan o pudieran establecerse en el presente sitio web.<\/span><\/p><p>\u00a0<\/p><p><b>POL\u00cdTICA DE PRIVACIDAD<\/b><\/p><p><span style=\"font-weight: 400;\">Con motivo de la vigencia del Reglamento General de Protecci\u00f3n de Datos 2016\/679 (RGPD) y la Ley Org\u00e1nica 3\/2018, de Protecci\u00f3n de Datos Personales y Garant\u00eda de los Derechos Digitales (LOPDGDD), se ha procedido a actualizar la presente pol\u00edtica de privacidad. A continuaci\u00f3n, se facilita informaci\u00f3n vinculada a los tratamientos de datos llevados a cabo por BEL\u00c9N ESPI\u00d1EIRA PLATAS.<\/span><\/p><p>\u00a0<\/p><ol><li style=\"font-weight: 400;\" aria-level=\"1\"><span style=\"font-weight: 400;\">RESPONSABLE DEL TRATAMIENTO<\/span><\/li><\/ol><p><span style=\"font-weight: 400;\">El Responsable del Tratamiento se corresponde con el del titular de este sitio web, cuyos datos completos figuran en el Aviso legal.<\/span><\/p><p>\u00a0<\/p><ol><li style=\"font-weight: 400;\" aria-level=\"1\"><span style=\"font-weight: 400;\">AVISO, POL\u00cdTICA Y MEDIDAS DE SEGURIDAD.<\/span><\/li><\/ol><p><span style=\"font-weight: 400;\">El responsable del tratamiento, teniendo en cuenta la naturaleza, el \u00e1mbito, el contexto y los fines del tratamiento, ha procedido a implantar todas las medidas t\u00e9cnicas y organizativas para asegurar el correcto cumplimiento de la normativa de protecci\u00f3n de datos. Ello de conformidad con lo dispuesto por los art\u00edculos 24 y siguientes del Reglamento General de Protecci\u00f3n de Datos y el art\u00edculo 28 de la Ley Org\u00e1nica 3\/2018.<\/span><\/p><p><span style=\"font-weight: 400;\">Igualmente, se garantiza la aplicaci\u00f3n a los tratamientos de datos de car\u00e1cter personal las medidas de seguridad oportunas, requeridas y en favor de la normativa actuante, para garantizar el cumplimiento \u00edntegro de la misma.<\/span><\/p><p><br \/><br \/><\/p><ol><li style=\"font-weight: 400;\" aria-level=\"1\"><span style=\"font-weight: 400;\">CATEGOR\u00cdA DE DATOS, FINALIDAD Y LEGITIMACI\u00d3N DEL TRATAMIENTO.<\/span><\/li><\/ol><p><span style=\"font-weight: 400;\">Esta web dispone de los siguientes formularios en los que se recaban distintos tipos de datos, seg\u00fan la finalidad:<\/span><\/p><p><b>Formulario de contacto<\/b><span style=\"font-weight: 400;\">: datos identificativos, de contacto y otros que el usuario pueda facilitar. Se utilizar\u00e1n para dar respuesta a las consultas planteadas.\u00a0<\/span><\/p><p><b>Formulario de registro<\/b><span style=\"font-weight: 400;\">: datos identificativos, de contacto, de facturaci\u00f3n y forma de cobro, comerciales y de servicios. Se utilizar\u00e1n para la creaci\u00f3n de una cuenta de usuario que le permita acceder a las funcionalidades de nuestra web como cliente, y poder as\u00ed prestarle los servicios ofertados. Tambi\u00e9n con fines de gesti\u00f3n administrativa y servicios de postventa y fidelizaci\u00f3n.<\/span><\/p><p><b>Formulario de suscripci\u00f3n a contenidos<\/b><span style=\"font-weight: 400;\">: datos de contacto. Se utilizar\u00e1n para el env\u00edo peri\u00f3dico de boletines y otra informaci\u00f3n solicitada por el usuario.<\/span><\/p><p><b>Formulario de reservas<\/b><span style=\"font-weight: 400;\">: datos identificativos y de contacto. Se utilizar\u00e1n para la realizaci\u00f3n, modificaci\u00f3n o supresi\u00f3n de reservas.<\/span><\/p><p><span style=\"font-weight: 400;\">La legitimaci\u00f3n de estos tratamientos es el consentimiento informado y libre que el usuario debe manifestar antes de enviar cualquier informaci\u00f3n a trav\u00e9s del formulario. Este consentimiento puede ser retirado en cualquier momento sin que afecte a los tratamientos realizados con anterioridad. Otros tratamientos pueden realizarse tambi\u00e9n en base al cumplimiento de obligaciones legales o la ejecuci\u00f3n contractual, en su caso.<\/span><\/p><p><span style=\"font-weight: 400;\">A mayores, la web puede obtener informaci\u00f3n a trav\u00e9s de las cookies (ver pol\u00edtica de cookies).<\/span><\/p><ol><li style=\"font-weight: 400;\" aria-level=\"1\"><span style=\"font-weight: 400;\">PROCEDENCIA Y CATEGOR\u00cdAS DE LOS DATOS TRATADOS.<\/span><\/li><\/ol><p><span style=\"font-weight: 400;\">Los datos personales proceden directamente del interesado. En caso de que en alg\u00fan supuesto fuesen obtenidos a trav\u00e9s de otras fuentes, se facilitar\u00eda la informaci\u00f3n oportuna sobre tal procedencia, as\u00ed como de las categor\u00edas de los datos afectados.<\/span><\/p><ol><li style=\"font-weight: 400;\" aria-level=\"1\"><span style=\"font-weight: 400;\">PLAZO DE CONSERVACI\u00d3N DE LOS DATOS.<\/span><\/li><\/ol><p><span style=\"font-weight: 400;\">Los datos ser\u00e1n conservados mientras sean necesarios para realizar los tr\u00e1mites y gestiones encomendados, as\u00ed como para ejecutar las dem\u00e1s finalidades causantes y, en todo caso, teniendo presente los plazos legalmente exigidos.<\/span><\/p><p><span style=\"font-weight: 400;\">Una vez que ya no consten como activos, se proceder\u00e1 a la supresi\u00f3n o, si fuese necesario, a su bloqueo, siendo accesibles \u00fanicamente por Jueces y Tribunales, el Ministerio Fiscal o las Administraciones P\u00fablicas competentes para la exigencia de las posibles responsabilidades nacidas del tratamiento, durante el plazo de prescripci\u00f3n de estas. Cumplido este segundo plazo, se proceder\u00e1 entonces a la destrucci\u00f3n de los mismos. Todo ello y, en su caso, dando cumplimiento al art. 32 de la LOPDGDD.<\/span><\/p><ol><li style=\"font-weight: 400;\" aria-level=\"1\"><span style=\"font-weight: 400;\">DESTINATARIOS: CESIONES DE DATOS Y TRANSFERENCIAS INTERNACIONALES.<\/span><\/li><\/ol><p><span style=\"font-weight: 400;\">No se contemplan cesiones de datos, excepto que fuesen necesarias para el cumplimiento de alguna disposici\u00f3n legal o en favor de la ejecuci\u00f3n contractual.<\/span><\/p><p><span style=\"font-weight: 400;\">Podr\u00e1n tener acceso a sus datos de car\u00e1cter personal los encargados del tratamiento que realicen alg\u00fan servicio por cuenta del responsable, es decir, aquellos prestadores de servicios que tengan que acceder a sus datos personales para el desarrollo funcional u operativo en favor de la prestaci\u00f3n a ofrecer.<\/span><\/p><p><span style=\"font-weight: 400;\">A mayores, no se contemplan transferencias internacionales de datos. Ante la posibilidad de la existencia de tales transferencias, estas se efectuar\u00e1n con la habilitaci\u00f3n y los requerimientos precisos para ello.\u00a0<\/span><\/p><ol><li style=\"font-weight: 400;\" aria-level=\"1\"><span style=\"font-weight: 400;\">REDES SOCIALES.<\/span><\/li><\/ol><p><span style=\"font-weight: 400;\">Los datos de los amigos o seguidores en redes sociales podr\u00e1n ser tratados por el responsable para interactuar con ellos y mantenerlos informados de sus actividades, servicios y promociones. Estos datos ser\u00e1n tratados sobre la base jur\u00eddica de su consentimiento y ser\u00e1n conservados mientras se mantenga como \u201camigo\u201d o \u201cseguidor\u201d, pudiendo revocar su consentimiento en cualquier momento, sin que ello afectara a la licitud de los tratamientos efectuados con anterioridad. El hecho de facilitar los datos con este fin es voluntario, aunque, en el caso de no hacerlo, no podr\u00e1 ser \u201camigo\u201d o \u201cseguidor\u201d en las plataformas o medios en los que el responsable act\u00fae.<\/span><\/p><p><span style=\"font-weight: 400;\">Por otro lado, en el supuesto de que el presente sitio web contase con la opci\u00f3n de registro de usuarios y este permitiese la opci\u00f3n de registrarse mediante redes sociales, los datos personales que ser\u00e1n espec\u00edficamente tratados para ello provendr\u00e1n de la red social de que se trate, a la que, previamente, el interesado habr\u00e1 facilitado dichos datos para las finalidades previstas en sus correspondientes pol\u00edticas de privacidad. Las categor\u00edas de datos tratados y recabados desde la red social de que se trate ser\u00edan las que figurar\u00edan en el propio formulario de registro y las relativas a los datos que usted hubiese facilitado a la susodicha red social. Si para proceder, en su caso, al registro en esta web, fuesen imprescindibles m\u00e1s datos que los suministrados por la red social, estos ser\u00edan solicitados y deber\u00edan ser cumplimentados adicionalmente en tal formulario de registro, con sujeci\u00f3n a las propias condiciones de privacidad actuantes.<\/span><\/p><p>\u00a0<\/p><ol><li style=\"font-weight: 400;\" aria-level=\"1\"><span style=\"font-weight: 400;\">MENORES.<\/span><\/li><\/ol><p><span style=\"font-weight: 400;\">Los menores de edad no podr\u00e1n usar los servicios disponibles a trav\u00e9s del sitio web sin la previa autorizaci\u00f3n de sus padres o tutores como representantes legales, quienes ser\u00e1n los \u00fanicos responsables de todos los actos realizados a trav\u00e9s de la presente web por tales menores a su cargo, incluyendo la cumplimentaci\u00f3n de los posibles formularios que puedan existir y la marcaci\u00f3n, en su caso, de las casillas que los acompa\u00f1en.<\/span><\/p><p><span style=\"font-weight: 400;\">Ya en lo concerniente a la materia espec\u00edfica de protecci\u00f3n de datos personales, respetando lo establecido en los art\u00edculos 8 del RGPD y 7 de la LOPDGDD, solo los mayores de catorce a\u00f1os podr\u00e1n otorgar su consentimiento para el tratamiento de sus datos personales de forma l\u00edcita. Si se trata de un menor de catorce a\u00f1os, ser\u00e1 necesario el consentimiento de los padres o tutores como representantes legales para el tratamiento, y este solo se considerar\u00e1 l\u00edcito en la medida en la que los mismos lo hayan autorizado. En ning\u00fan caso o circunstancia se obtendr\u00e1n del menor de edad datos ligados a la situaci\u00f3n profesional, econ\u00f3mica o a la intimidad de los otros miembros de la familia, sin el previo consentimiento de estos \u00faltimos.<\/span><\/p><ol><li style=\"font-weight: 400;\" aria-level=\"1\"><span style=\"font-weight: 400;\">DERECHOS E INFORMACI\u00d3N ADICIONAL EN PROTECCI\u00d3N DE DATOS.<\/span><\/li><\/ol><p><span style=\"font-weight: 400;\">El interesado tiene derecho a obtener confirmaci\u00f3n sobre si BEL\u00c9N ESPI\u00d1EIRA PLATAS trata datos personales que le conciernen, as\u00ed como a acceder a sus datos personales, solicitar la rectificaci\u00f3n de los datos inexactos o, en su caso, solicitar su supresi\u00f3n cuando, entre otros motivos, los datos ya no sean necesarios para los fines por los que fueron recogidos.<\/span><\/p><p><span style=\"font-weight: 400;\">En determinadas circunstancias, el interesado podr\u00e1 solicitar la limitaci\u00f3n del tratamiento de sus datos, en cuyo caso \u00fanicamente se conservar\u00e1n para el ejercicio o defensa ante posibles reclamaciones.<\/span><\/p><p><span style=\"font-weight: 400;\">Igualmente, en determinadas circunstancias y, por motivos relacionados con su situaci\u00f3n particular, el interesado podr\u00e1 oponerse al tratamiento de sus datos. BEL\u00c9N ESPI\u00d1EIRA PLATAS cesar\u00e1 en el tratamiento de los datos, salvo por motivos leg\u00edtimos imperiosos, o para el ejercicio o defensa ante posibles reclamaciones. De igual modo, el interesado ostenta el derecho a la portabilidad de los datos cuando sea t\u00e9cnicamente posible y en determinados supuestos.<\/span><\/p><p><br \/><br \/><\/p><p><span style=\"font-weight: 400;\">Adem\u00e1s, podr\u00e1 ser retirado en cualquier momento el consentimiento que haya sido previamente dado.<\/span><\/p><p><span style=\"font-weight: 400;\">Por otro lado, y, en su caso, dispone del derecho a no ser objeto de decisiones basadas \u00fanicamente en el tratamiento automatizado de sus datos, incluida la elaboraci\u00f3n de perfiles. En tales hipot\u00e9ticos casos de realizaci\u00f3n y toma de decisiones, ser\u00eda debidamente informado a este respecto.<\/span><\/p><p><span style=\"font-weight: 400;\">El interesado podr\u00e1 plantear las cuestiones que considere en relaci\u00f3n a la presente pol\u00edtica, obtener informaci\u00f3n adicional en materia de protecci\u00f3n de datos, as\u00ed como ejercer sus derechos en los t\u00e9rminos legalmente previstos, debiendo para ello remitir una comunicaci\u00f3n a: BEL\u00c9N ESPI\u00d1EIRA PLATAS, C\/ Curro, 6 (15310 Santaia) o por correo electr\u00f3nico a: poboaventuras@gmail.com, con indicaci\u00f3n de la solicitud correspondiente y acompa\u00f1ado de copia del DNI u otro documento acreditativo de la identidad en cuanto a tal facultad de ejercitar sus derechos. En el supuesto de que se act\u00fae a trav\u00e9s de representaci\u00f3n, deber\u00e1 aportarse, adem\u00e1s, agregada copia del DNI del representado (o documento equivalente) y documentaci\u00f3n acreditativa de la representaci\u00f3n del representante.<\/span><\/p><p><span style=\"font-weight: 400;\">Puede obtener en la web de la Agencia Espa\u00f1ola de Protecci\u00f3n de Datos <\/span><a href=\"https:\/\/www.aepd.es\/reglamento\/derechos\/index.html\"><span style=\"font-weight: 400;\">los modelos para el ejercicio de los diversos derechos en protecci\u00f3n de datos.<\/span><\/a><span style=\"font-weight: 400;\"> Igualmente, puede disponer de tales modelos y formularios solicit\u00e1ndolos directamente a la propia entidad.<\/span><\/p><p><span style=\"font-weight: 400;\">En caso de que considere que sus derechos no han sido atendidos correctamente, usted podr\u00e1 presentar una reclamaci\u00f3n ante la Agencia Espa\u00f1ola de Protecci\u00f3n de Datos: www.aepd.es<\/span><span style=\"font-weight: 400;\">.<\/span><span style=\"font-weight: 400;\">\u00a0<\/span><\/p><p>\u00a0<\/p><p><span style=\"font-weight: 400;\">Actualizaci\u00f3n: MAYO de 2025<\/span><\/p><p><br \/><br \/><\/p>\t\t\t\t\t\t\t\t<\/div>\n\t\t\t\t<\/div>\n\t\t\t\t\t<\/div>\n\t\t<\/div>\n\t\t\t\t\t<\/div>\n\t\t<\/section>\n\t\t\t\t<\/div>","protected":false},"excerpt":{"rendered":"<p>AVISO LEGAL Y POL\u00cdTICA DE PRIVACIDAD PARA WEB \u00a0 AVISO LEGAL\u00a0 \u00a0 Titularidad de la p\u00e1gina web En cumplimiento con lo establecido en la Ley 34\/2002, de 11 de julio, de servicios de la sociedad de la informaci\u00f3n y de comercio electr\u00f3nico, se indican los datos de informaci\u00f3n general de este sitio web: Dominio: www.poboaventura.com [&hellip;]<\/p>","protected":false},"author":1,"featured_media":0,"parent":0,"menu_order":0,"comment_status":"closed","ping_status":"closed","template":"","meta":{"inline_featured_image":false,"footnotes":""},"class_list":["post-8533","page","type-page","status-publish","hentry"],"_links":{"self":[{"href":"https:\/\/poboaventura.com\/en\/wp-json\/wp\/v2\/pages\/8533","targetHints":{"allow":["GET"]}}],"collection":[{"href":"https:\/\/poboaventura.com\/en\/wp-json\/wp\/v2\/pages"}],"about":[{"href":"https:\/\/poboaventura.com\/en\/wp-json\/wp\/v2\/types\/page"}],"author":[{"embeddable":true,"href":"https:\/\/poboaventura.com\/en\/wp-json\/wp\/v2\/users\/1"}],"replies":[{"embeddable":true,"href":"https:\/\/poboaventura.com\/en\/wp-json\/wp\/v2\/comments?post=8533"}],"version-history":[{"count":4,"href":"https:\/\/poboaventura.com\/en\/wp-json\/wp\/v2\/pages\/8533\/revisions"}],"predecessor-version":[{"id":9184,"href":"https:\/\/poboaventura.com\/en\/wp-json\/wp\/v2\/pages\/8533\/revisions\/9184"}],"wp:attachment":[{"href":"https:\/\/poboaventura.com\/en\/wp-json\/wp\/v2\/media?parent=8533"}],"curies":[{"name":"wp","href":"https:\/\/api.w.org\/{rel}","templated":true}]}}